{"id":193,"date":"2025-07-16T14:35:32","date_gmt":"2025-07-16T14:35:32","guid":{"rendered":"https:\/\/schulung.online-rufschutz.de\/affiliate-tos-page\/"},"modified":"2025-08-22T12:39:22","modified_gmt":"2025-08-22T12:39:22","slug":"affiliate-tos-page","status":"publish","type":"page","link":"https:\/\/schulung.online-rufschutz.de\/de\/affiliate-tos-page\/","title":{"rendered":"Bedingungen und Konditionen f\u00fcr Agenten"},"content":{"rendered":"\t\t<div data-elementor-type=\"wp-page\" data-elementor-id=\"193\" class=\"elementor elementor-193\" data-elementor-post-type=\"page\">\n\t\t\t\t<div class=\"elementor-element elementor-element-64a2d4a e-flex e-con-boxed e-con e-parent\" data-id=\"64a2d4a\" data-element_type=\"container\">\n\t\t\t\t\t<div class=\"e-con-inner\">\n\t\t\t\t<div class=\"elementor-element elementor-element-f63af15 elementor-widget elementor-widget-text-editor\" data-id=\"f63af15\" data-element_type=\"widget\" data-widget_type=\"text-editor.default\">\n\t\t\t\t\t\t\t\t\t<div class=\"affiliate-terms-note\" style=\"background: #f9fafb; border: 1px solid #e5e7eb; padding: 20px; max-width: 700px; margin: 20px auto; font-family: Arial, sans-serif; color: #111827;\">\n<h3 style=\"margin-top: 0; font-size: 20px; color: #1f2937;\">Hinweis zu den Partnerbedingungen<\/h3>\n<p style=\"line-height: 1.6; margin-bottom: 15px;\">Die detaillierten Bedingungen und Konditionen f\u00fcr Agenten sind ausschlie\u00dflich nach der Anmeldung einsehbar.\nWer diese bereits im Vorfeld einsehen m\u00f6chte, kann sie gerne vor der Anmeldung \u00fcber das integrierte Ticketsystem anfordern.<\/p>\n<p style=\"line-height: 1.6; margin-bottom: 20px;\">Sollten die Bedingungen nach der Anmeldung nicht den eigenen Erwartungen entsprechen, besteht selbstverst\u00e4ndlich jederzeit die M\u00f6glichkeit, \u00fcber das Ticketsystem eine L\u00f6schung des Accounts zu veranlassen.<\/p>\n<a class=\"ticket-btn\" href=\"https:\/\/online-rufschutz.de\/support\/\" target=\"_blank\" rel=\"noopener\">Ticketsystem \u00f6ffnen<\/a>\n\n<\/div>\n<style>\n  .ticket-btn {<br \/>\n    display:inline-block;<br \/>\n    background:#2563eb; \/* Grundfarbe Blau *\/<br \/>\n    color:#ffffff;<br \/>\n    text-decoration:none;<br \/>\n    padding:12px 20px;<br \/>\n    border:none;<br \/>\n    font-weight:normal; \/* kein Fett *\/<br \/>\n    transition:all 0.3s ease;<br \/>\n  }<br \/>\n  .ticket-btn:hover {<br \/>\n    background:#FEBC16; \/* kr\u00e4ftiges Orange-Gelb beim Hover *\/<br \/>\n    transform:translateY(-2px);<br \/>\n  }<br \/>\n<\/style>\t\t\t\t\t\t\t\t<\/div>\n\t\t\t\t\t<\/div>\n\t\t\t\t<\/div>\n\t\t\t\t<\/div>\n\t\t","protected":false},"excerpt":{"rendered":"<p>Hinweis zu den Partnerbedingungen Die detaillierten Bedingungen und Konditionen f\u00fcr Agenten sind ausschlie\u00dflich nach der Anmeldung einsehbar. Wer diese bereits im Vorfeld einsehen m\u00f6chte, kann sie gerne vor der Anmeldung \u00fcber das integrierte Ticketsystem anfordern. Sollten die Bedingungen nach der Anmeldung nicht den eigenen Erwartungen entsprechen, besteht selbstverst\u00e4ndlich jederzeit die M\u00f6glichkeit, \u00fcber das Ticketsystem eine [&hellip;]<\/p>\n","protected":false},"author":1,"featured_media":0,"parent":0,"menu_order":0,"comment_status":"closed","ping_status":"closed","template":"elementor_header_footer","meta":{"footnotes":""},"class_list":["post-193","page","type-page","status-publish","hentry"],"_links":{"self":[{"href":"https:\/\/schulung.online-rufschutz.de\/de\/wp-json\/wp\/v2\/pages\/193","targetHints":{"allow":["GET"]}}],"collection":[{"href":"https:\/\/schulung.online-rufschutz.de\/de\/wp-json\/wp\/v2\/pages"}],"about":[{"href":"https:\/\/schulung.online-rufschutz.de\/de\/wp-json\/wp\/v2\/types\/page"}],"author":[{"embeddable":true,"href":"https:\/\/schulung.online-rufschutz.de\/de\/wp-json\/wp\/v2\/users\/1"}],"replies":[{"embeddable":true,"href":"https:\/\/schulung.online-rufschutz.de\/de\/wp-json\/wp\/v2\/comments?post=193"}],"version-history":[{"count":28,"href":"https:\/\/schulung.online-rufschutz.de\/de\/wp-json\/wp\/v2\/pages\/193\/revisions"}],"predecessor-version":[{"id":906,"href":"https:\/\/schulung.online-rufschutz.de\/de\/wp-json\/wp\/v2\/pages\/193\/revisions\/906"}],"wp:attachment":[{"href":"https:\/\/schulung.online-rufschutz.de\/de\/wp-json\/wp\/v2\/media?parent=193"}],"curies":[{"name":"wp","href":"https:\/\/api.w.org\/{rel}","templated":true}]}}